{"id":42,"date":"2026-01-22T14:43:00","date_gmt":"2026-01-22T14:43:00","guid":{"rendered":"https:\/\/diemuthigen.at\/?page_id=42"},"modified":"2026-02-20T13:57:44","modified_gmt":"2026-02-20T13:57:44","slug":"was-wir-wollen","status":"publish","type":"page","link":"https:\/\/diemuthigen.at\/?page_id=42","title":{"rendered":"Was wir wollen"},"content":{"rendered":"\n<p><strong>DIE MUTHIGEN \u2014 KULTUR F\u00d6RDERN, ZUKUNFT GESTALTEN<\/strong><br>Wir sind Die Muthigen \u2013 ein engagierter und gemeinn\u00fctziger Verein, der sich mit \u00dcberzeugung und Leidenschaft f\u00fcr die F\u00f6rderung von Musik und Theater im MuTh einsetzt.<\/p>\n\n\n\n<p>Kultur ist kein Luxus. Sie ist ein tragendes Fundament unserer Gesellschaft. Sie verbindet Generationen, stiftet Identit\u00e4t und er\u00f6ffnet neue Perspektiven. Doch lebendige Kultur entsteht nicht von selbst \u2013 sie braucht Menschen, die an ihre Kraft glauben und sie aktiv unterst\u00fctzen.<\/p>\n\n\n\n<p>Mit Ihrer Spende erm\u00f6glichen Sie nicht nur au\u00dfergew\u00f6hnliche Konzerte und bewegende Theaterproduktionen. Sie schenken jungen K\u00fcnstlerinnen und K\u00fcnstlern, die im MuTh auftreten, die Chance, ihr Talent zu entfalten und ihre Tr\u00e4ume auf einer professionellen B\u00fchne zu verwirklichen.<br>Werden Sie Teil unserer Idee. <\/p>\n\n\n\n<p>Als Spender:in genie\u00dfen Sie exklusive Einblicke, besondere Begegnungen und erleben Kultur aus n\u00e4chster N\u00e4he \u2013 nicht nur als Zuschauer:in, sondern als Mitgestalter:in eines lebendigen kulturellen Raums.<\/p>\n\n\n\n<p><\/p>\n\n\n\n<div class=\"wp-block-buttons is-content-justification-center is-layout-flex wp-container-core-buttons-is-layout-a89b3969 wp-block-buttons-is-layout-flex\">\n<div class=\"wp-block-button\"><a class=\"wp-block-button__link wp-element-button\" href=\"https:\/\/diemuthigen.at\/?page_id=37\">Jetzt Spenden!<\/a><\/div>\n<\/div>\n\n\n\n<p><\/p>\n","protected":false},"excerpt":{"rendered":"<p>DIE MUTHIGEN \u2014 KULTUR F\u00d6RDERN, ZUKUNFT GESTALTENWir sind Die Muthigen \u2013 ein engagierter und gemeinn\u00fctziger Verein, der sich mit \u00dcberzeugung und Leidenschaft f\u00fcr die F\u00f6rderung von Musik und Theater im MuTh einsetzt. Kultur ist kein Luxus. Sie ist ein tragendes Fundament unserer Gesellschaft. Sie verbindet Generationen, stiftet Identit\u00e4t und er\u00f6ffnet neue Perspektiven. Doch lebendige Kultur [&hellip;]<\/p>\n","protected":false},"author":2,"featured_media":0,"parent":0,"menu_order":0,"comment_status":"closed","ping_status":"closed","template":"","meta":{"footnotes":""},"class_list":["post-42","page","type-page","status-publish","hentry"],"_links":{"self":[{"href":"https:\/\/diemuthigen.at\/index.php?rest_route=\/wp\/v2\/pages\/42","targetHints":{"allow":["GET"]}}],"collection":[{"href":"https:\/\/diemuthigen.at\/index.php?rest_route=\/wp\/v2\/pages"}],"about":[{"href":"https:\/\/diemuthigen.at\/index.php?rest_route=\/wp\/v2\/types\/page"}],"author":[{"embeddable":true,"href":"https:\/\/diemuthigen.at\/index.php?rest_route=\/wp\/v2\/users\/2"}],"replies":[{"embeddable":true,"href":"https:\/\/diemuthigen.at\/index.php?rest_route=%2Fwp%2Fv2%2Fcomments&post=42"}],"version-history":[{"count":6,"href":"https:\/\/diemuthigen.at\/index.php?rest_route=\/wp\/v2\/pages\/42\/revisions"}],"predecessor-version":[{"id":138,"href":"https:\/\/diemuthigen.at\/index.php?rest_route=\/wp\/v2\/pages\/42\/revisions\/138"}],"wp:attachment":[{"href":"https:\/\/diemuthigen.at\/index.php?rest_route=%2Fwp%2Fv2%2Fmedia&parent=42"}],"curies":[{"name":"wp","href":"https:\/\/api.w.org\/{rel}","templated":true}]}}