{"id":37,"date":"2026-01-22T14:26:35","date_gmt":"2026-01-22T14:26:35","guid":{"rendered":"https:\/\/diemuthigen.at\/?page_id=37"},"modified":"2026-02-20T12:49:12","modified_gmt":"2026-02-20T12:49:12","slug":"werden-sie-mitglied","status":"publish","type":"page","link":"https:\/\/diemuthigen.at\/?page_id=37","title":{"rendered":"Werden Sie zur Unterst\u00fctzerin oder zum Unterst\u00fctzer"},"content":{"rendered":"\n<p>Werden Sie Teil unserer Idee! <br>Durch Ihre Spende genie\u00dfen Sie exklusive Vorteile und erleben Kultur aus n\u00e4chster N\u00e4he \u2013 nicht als Zuschauer:in, sondern als Mitgestalter:in.<\/p>\n\n\n\n<p><\/p>\n\n\n\n<p><\/p>\n","protected":false},"excerpt":{"rendered":"<p>Werden Sie Teil unserer Idee! Durch Ihre Spende genie\u00dfen Sie exklusive Vorteile und erleben Kultur aus n\u00e4chster N\u00e4he \u2013 nicht als Zuschauer:in, sondern als Mitgestalter:in.<\/p>\n","protected":false},"author":2,"featured_media":0,"parent":0,"menu_order":0,"comment_status":"closed","ping_status":"closed","template":"","meta":{"footnotes":""},"class_list":["post-37","page","type-page","status-publish","hentry"],"_links":{"self":[{"href":"https:\/\/diemuthigen.at\/index.php?rest_route=\/wp\/v2\/pages\/37","targetHints":{"allow":["GET"]}}],"collection":[{"href":"https:\/\/diemuthigen.at\/index.php?rest_route=\/wp\/v2\/pages"}],"about":[{"href":"https:\/\/diemuthigen.at\/index.php?rest_route=\/wp\/v2\/types\/page"}],"author":[{"embeddable":true,"href":"https:\/\/diemuthigen.at\/index.php?rest_route=\/wp\/v2\/users\/2"}],"replies":[{"embeddable":true,"href":"https:\/\/diemuthigen.at\/index.php?rest_route=%2Fwp%2Fv2%2Fcomments&post=37"}],"version-history":[{"count":3,"href":"https:\/\/diemuthigen.at\/index.php?rest_route=\/wp\/v2\/pages\/37\/revisions"}],"predecessor-version":[{"id":129,"href":"https:\/\/diemuthigen.at\/index.php?rest_route=\/wp\/v2\/pages\/37\/revisions\/129"}],"wp:attachment":[{"href":"https:\/\/diemuthigen.at\/index.php?rest_route=%2Fwp%2Fv2%2Fmedia&parent=37"}],"curies":[{"name":"wp","href":"https:\/\/api.w.org\/{rel}","templated":true}]}}