{"id":34,"date":"2026-01-22T14:21:57","date_gmt":"2026-01-22T14:21:57","guid":{"rendered":"https:\/\/diemuthigen.at\/?page_id=34"},"modified":"2026-03-16T16:01:18","modified_gmt":"2026-03-16T16:01:18","slug":"arten-der-mitgliedschaft","status":"publish","type":"page","link":"https:\/\/diemuthigen.at\/?page_id=34","title":{"rendered":"Arten der Unters\u00fctzung"},"content":{"rendered":"\n<h2 class=\"wp-block-heading\">Sie k\u00f6nnen durch eine j\u00e4hrliche Spende * F\u00f6rder:in f\u00fcr unseren Verein werden. Hier k\u00f6nnen Sie sich \u00fcber die verschiedenen M\u00f6glichkeiten informieren.<\/h2>\n\n\n\n<p><strong>Unterst\u00fctzer:in | ab \u20ac 75\/Jahr<\/strong><br>Einladung zum MuTh-Sommerfest und zu einem Special-Event f\u00fcr Unterst\u00fctzer:innen, Erhalt aller Drucksorten + digitalen Schriften, Newsletter, gratis Programmzettel, auf Wunsch Namensnennung im Saisonprogramm des MuTh.<\/p>\n\n\n\n<p><strong>F\u00f6rderer:in | ab \u20ac 750\/Jahr<\/strong><br>Zus\u00e4tzlich zu den oben genannten Leistungen (\u00dcnterst\u00fctzer:in) gibt es eine spezielle F\u00fchrung,<br>Vorverkaufsrecht bei Abos, Einladung f\u00fcr Ihre Freund:innen zu ausgew\u00e4hlten Veranstaltungen<br>(max. 10 Personen)<\/p>\n\n\n\n<p><strong>M\u00e4zen:in | ab \u20ac 1.500\/Jahr<br><\/strong>Zus\u00e4tzlich zu den oben genannten Leistungen (F\u00f6rderer:in) gibt es Getr\u00e4nke vor der Vorstel-<br>lung im Caf\u00e9 Maximilian f\u00fcr Sie und Ihre G\u00e4ste, Einladung f\u00fcr Ihre Freund:innen zu ausgew\u00e4hlten Veranstaltungen<br>(max. 20 Pax), 20% Erm\u00e4\u00dfigung auf den Kauf eines Tisches beim Fundraising Dinner.<\/p>\n\n\n\n<p><strong>Freie Spende<\/strong><br>Gerne k\u00f6nnen Sie unsere Projekte auch mit einer freien Spende unterst\u00fctzen.<\/p>\n\n\n\n<p><strong>Spendenabsetzbarkeit<\/strong><\/p>\n\n\n\n<p>*) Unser gemeinn\u00fctziger Verein ist noch jung, aber wir haben bereits die Voraussetzungen f\u00fcr die Spendenabsetzbarkeit geschaffen. Das Ansuchen ist in Arbeit und sollte bis Herbst 2026 genehmigt sein.<\/p>\n\n\n\n<div class=\"wp-block-buttons is-content-justification-center is-layout-flex wp-container-core-buttons-is-layout-a89b3969 wp-block-buttons-is-layout-flex\">\n<div class=\"wp-block-button\"><a class=\"wp-block-button__link wp-element-button\" href=\"https:\/\/diemuthigen.at\/?page_id=37\">Jetzt Spenden!<\/a><\/div>\n<\/div>\n","protected":false},"excerpt":{"rendered":"<p>Sie k\u00f6nnen durch eine j\u00e4hrliche Spende * F\u00f6rder:in f\u00fcr unseren Verein werden. Hier k\u00f6nnen Sie sich \u00fcber die verschiedenen M\u00f6glichkeiten informieren. Unterst\u00fctzer:in | ab \u20ac 75\/JahrEinladung zum MuTh-Sommerfest und zu einem Special-Event f\u00fcr Unterst\u00fctzer:innen, Erhalt aller Drucksorten + digitalen Schriften, Newsletter, gratis Programmzettel, auf Wunsch Namensnennung im Saisonprogramm des MuTh. F\u00f6rderer:in | ab \u20ac 750\/JahrZus\u00e4tzlich [&hellip;]<\/p>\n","protected":false},"author":2,"featured_media":0,"parent":0,"menu_order":0,"comment_status":"closed","ping_status":"closed","template":"","meta":{"footnotes":""},"class_list":["post-34","page","type-page","status-publish","hentry"],"_links":{"self":[{"href":"https:\/\/diemuthigen.at\/index.php?rest_route=\/wp\/v2\/pages\/34","targetHints":{"allow":["GET"]}}],"collection":[{"href":"https:\/\/diemuthigen.at\/index.php?rest_route=\/wp\/v2\/pages"}],"about":[{"href":"https:\/\/diemuthigen.at\/index.php?rest_route=\/wp\/v2\/types\/page"}],"author":[{"embeddable":true,"href":"https:\/\/diemuthigen.at\/index.php?rest_route=\/wp\/v2\/users\/2"}],"replies":[{"embeddable":true,"href":"https:\/\/diemuthigen.at\/index.php?rest_route=%2Fwp%2Fv2%2Fcomments&post=34"}],"version-history":[{"count":7,"href":"https:\/\/diemuthigen.at\/index.php?rest_route=\/wp\/v2\/pages\/34\/revisions"}],"predecessor-version":[{"id":143,"href":"https:\/\/diemuthigen.at\/index.php?rest_route=\/wp\/v2\/pages\/34\/revisions\/143"}],"wp:attachment":[{"href":"https:\/\/diemuthigen.at\/index.php?rest_route=%2Fwp%2Fv2%2Fmedia&parent=34"}],"curies":[{"name":"wp","href":"https:\/\/api.w.org\/{rel}","templated":true}]}}